{"id":1436,"date":"2017-12-17T20:27:16","date_gmt":"2017-12-17T19:27:16","guid":{"rendered":"http:\/\/steystein.com\/?page_id=1436"},"modified":"2022-12-23T13:42:07","modified_gmt":"2022-12-23T12:42:07","slug":"informasjon","status":"publish","type":"page","link":"https:\/\/kristiansund.katolsk.no\/?page_id=1436","title":{"rendered":"Informasjon"},"content":{"rendered":"<ul class=\"wp-block-latest-posts__list has-dates wp-block-latest-posts\"><li><a class=\"wp-block-latest-posts__post-title\" href=\"https:\/\/kristiansund.katolsk.no\/?p=3241\">Kunngj\u00f8ringer &#8211; 19.04.2026<\/a><time datetime=\"2026-04-11T22:52:59+02:00\" class=\"wp-block-latest-posts__post-date\">11. april 2026<\/time><div class=\"wp-block-latest-posts__post-full-content\"><!-- wp:pdfemb\/pdf-embedder-viewer {\"pdfID\":3251,\"url\":\"https:\/\/kristiansund.katolsk.no\/wp-content\/uploads\/2026\/04\/Kunngjoringer-19.04.2026-St.-Eystein.pdf\"} \/--><\/div><\/li>\n<li><a class=\"wp-block-latest-posts__post-title\" href=\"https:\/\/kristiansund.katolsk.no\/?p=3233\">Sjekk ditt medlemsskap<\/a><time datetime=\"2026-04-10T15:44:31+02:00\" class=\"wp-block-latest-posts__post-date\">10. april 2026<\/time><div class=\"wp-block-latest-posts__post-full-content\"><!-- wp:heading {\"level\":1,\"fontSize\":\"medium\"} -->\n<h1 class=\"wp-block-heading has-medium-font-size\"><a href=\"https:\/\/services.katolsk.no\/id\/?lk=en\">English<\/a>\u00a0<a href=\"https:\/\/services.katolsk.no\/id\/?lk=pl\">Polski<\/a>\u00a0<a href=\"https:\/\/services.katolsk.no\/id\/?lk=ua\">\u0443\u043a\u0440\u0430\u0457\u043d\u0441\u044c\u043a\u0430<\/a>\u00a0<a href=\"https:\/\/services.katolsk.no\/id\/?lk=lt\">Lietuvi\u0173<\/a>\u00a0<a href=\"https:\/\/services.katolsk.no\/id\/?lk=es\">Espa\u00f1ol<\/a>\u00a0<a href=\"https:\/\/services.katolsk.no\/id\/?lk=fr\">Fran\u00e7ais<\/a>\u00a0<a href=\"https:\/\/services.katolsk.no\/id\/?lk=no\">Norsk<\/a><\/h1>\n<!-- \/wp:heading -->\n\n<!-- wp:paragraph -->\n<p>Logg inn for \u00e5 sjekke ditt medlemskap i Den katolske kirke. Det er trygt \u00e5 gj\u00f8re dette fordi vi bruker BankID.<\/p>\n<!-- \/wp:paragraph -->\n\n<!-- wp:paragraph -->\n<p>Klikk p\u00e5 knappen under, autentis\u00e9r deg (logg inn) hos BankID, og se hva Den katolske kirke i Norge har registrert om deg.<\/p>\n<!-- \/wp:paragraph -->\n\n<!-- wp:paragraph -->\n<p>Husk \u00e5 godta at BankID gir oss ditt personnummer, uten dette kan vi ikke lete i registeret.<a href=\"https:\/\/katolsk.iper.no\/?lk=no&amp;token=818065\">\u00a0BankID<\/a><\/p>\n<!-- \/wp:paragraph -->\n\n<!-- wp:paragraph -->\n<p>Har du ikke BankID? Du kan bruke\u00a0<a href=\"https:\/\/services.katolsk.no\/registrering\/?s=917&amp;lk=no\">dette skjemaet<\/a>\u00a0for \u00e5 registrere deg.<\/p>\n<!-- \/wp:paragraph -->\n\n<!-- wp:paragraph -->\n<p>Tjenesten leveres i samarbeid med v\u00e5r leverand\u00f8r\u00a0<strong>Iper<\/strong>, les gjerne deres\u00a0<a href=\"https:\/\/iper.no\/gdpr-policy\/\">GDPR Policy<\/a>. Hverken Iper eller Den katolske kirke utleverer personopplysninger til tredjepart, og all elektronisk kommunikasjon er kryptert p\u00e5 samme m\u00e5te som hos nettbanken din.<\/p>\n<!-- \/wp:paragraph -->\n\n<!-- wp:paragraph -->\n<p>Har du sp\u00f8rsm\u00e5l knyttet til medlemsskap i Den katolske kirke? Kontakt\u00a0<a href=\"https:\/\/www.katolsk.no\/organisasjon\/okb\/medlem\">Medlemssenteret<\/a>.<\/p>\n<!-- \/wp:paragraph --><\/div><\/li>\n<li><a class=\"wp-block-latest-posts__post-title\" href=\"https:\/\/kristiansund.katolsk.no\/?p=3215\">Familieleir<\/a><time datetime=\"2026-03-28T21:39:11+01:00\" class=\"wp-block-latest-posts__post-date\">28. mars 2026<\/time><div class=\"wp-block-latest-posts__post-full-content\"><!-- wp:image {\"id\":3217,\"sizeSlug\":\"large\",\"linkDestination\":\"none\"} -->\n<figure class=\"wp-block-image size-large\"><img loading=\"lazy\" decoding=\"async\" width=\"724\" height=\"1024\" src=\"https:\/\/kristiansund.katolsk.no\/wp-content\/uploads\/2026\/03\/Hold-av-datoene-3-724x1024.png\" alt=\"\" class=\"wp-image-3217\" srcset=\"https:\/\/kristiansund.katolsk.no\/wp-content\/uploads\/2026\/03\/Hold-av-datoene-3-724x1024.png 724w, https:\/\/kristiansund.katolsk.no\/wp-content\/uploads\/2026\/03\/Hold-av-datoene-3-212x300.png 212w, https:\/\/kristiansund.katolsk.no\/wp-content\/uploads\/2026\/03\/Hold-av-datoene-3-768x1086.png 768w, https:\/\/kristiansund.katolsk.no\/wp-content\/uploads\/2026\/03\/Hold-av-datoene-3-1086x1536.png 1086w, https:\/\/kristiansund.katolsk.no\/wp-content\/uploads\/2026\/03\/Hold-av-datoene-3-1448x2048.png 1448w, https:\/\/kristiansund.katolsk.no\/wp-content\/uploads\/2026\/03\/Hold-av-datoene-3.png 1587w\" sizes=\"auto, (max-width: 724px) 100vw, 724px\" \/><\/figure>\n<!-- \/wp:image -->\n\n<!-- wp:pdfemb\/pdf-embedder-viewer {\"pdfID\":3216,\"url\":\"https:\/\/kristiansund.katolsk.no\/wp-content\/uploads\/2026\/03\/Familiens-leir.pdf\"} \/--><\/div><\/li>\n<li><a class=\"wp-block-latest-posts__post-title\" href=\"https:\/\/kristiansund.katolsk.no\/?p=3208\">Misjon 2030<\/a><time datetime=\"2026-03-28T21:31:31+01:00\" class=\"wp-block-latest-posts__post-date\">28. mars 2026<\/time><div class=\"wp-block-latest-posts__post-full-content\"><!-- wp:image {\"id\":3213,\"width\":\"680px\",\"height\":\"auto\",\"aspectRatio\":\"0.7078175734700268\",\"sizeSlug\":\"full\",\"linkDestination\":\"none\"} -->\n<figure class=\"wp-block-image size-full is-resized\"><img loading=\"lazy\" decoding=\"async\" width=\"453\" height=\"640\" src=\"https:\/\/kristiansund.katolsk.no\/wp-content\/uploads\/2026\/03\/Misjon-2030-3.jpeg\" alt=\"\" class=\"wp-image-3213\" style=\"aspect-ratio:0.7078175734700268;width:680px;height:auto\" srcset=\"https:\/\/kristiansund.katolsk.no\/wp-content\/uploads\/2026\/03\/Misjon-2030-3.jpeg 453w, https:\/\/kristiansund.katolsk.no\/wp-content\/uploads\/2026\/03\/Misjon-2030-3-212x300.jpeg 212w\" sizes=\"auto, (max-width: 453px) 100vw, 453px\" \/><\/figure>\n<!-- \/wp:image --><\/div><\/li>\n<li><a class=\"wp-block-latest-posts__post-title\" href=\"https:\/\/kristiansund.katolsk.no\/?p=3200\">H\u00f8ytiden for Herren bebudelse 25.03.2026<\/a><time datetime=\"2026-03-20T13:06:43+01:00\" class=\"wp-block-latest-posts__post-date\">20. mars 2026<\/time><div class=\"wp-block-latest-posts__post-full-content\"><!-- wp:pdfemb\/pdf-embedder-viewer {\"pdfID\":3201,\"url\":\"https:\/\/kristiansund.katolsk.no\/wp-content\/uploads\/2026\/03\/Herrens-bebudelse-25.03.2026.pdf\"} \/--><\/div><\/li>\n<\/ul>","protected":false},"excerpt":{"rendered":"","protected":false},"author":1,"featured_media":0,"parent":0,"menu_order":0,"comment_status":"closed","ping_status":"closed","template":"template-parts\/blog-post-full-width.php","meta":{"footnotes":""},"class_list":["post-1436","page","type-page","status-publish","hentry"],"_links":{"self":[{"href":"https:\/\/kristiansund.katolsk.no\/index.php?rest_route=\/wp\/v2\/pages\/1436","targetHints":{"allow":["GET"]}}],"collection":[{"href":"https:\/\/kristiansund.katolsk.no\/index.php?rest_route=\/wp\/v2\/pages"}],"about":[{"href":"https:\/\/kristiansund.katolsk.no\/index.php?rest_route=\/wp\/v2\/types\/page"}],"author":[{"embeddable":true,"href":"https:\/\/kristiansund.katolsk.no\/index.php?rest_route=\/wp\/v2\/users\/1"}],"replies":[{"embeddable":true,"href":"https:\/\/kristiansund.katolsk.no\/index.php?rest_route=%2Fwp%2Fv2%2Fcomments&post=1436"}],"version-history":[{"count":7,"href":"https:\/\/kristiansund.katolsk.no\/index.php?rest_route=\/wp\/v2\/pages\/1436\/revisions"}],"predecessor-version":[{"id":2096,"href":"https:\/\/kristiansund.katolsk.no\/index.php?rest_route=\/wp\/v2\/pages\/1436\/revisions\/2096"}],"wp:attachment":[{"href":"https:\/\/kristiansund.katolsk.no\/index.php?rest_route=%2Fwp%2Fv2%2Fmedia&parent=1436"}],"curies":[{"name":"wp","href":"https:\/\/api.w.org\/{rel}","templated":true}]}}